{"id":603,"date":"2024-03-16T13:18:06","date_gmt":"2024-03-16T16:18:06","guid":{"rendered":"https:\/\/lilypedia.com\/?page_id=603"},"modified":"2024-05-16T22:28:35","modified_gmt":"2024-05-17T01:28:35","slug":"sobre-wtfl","status":"publish","type":"page","link":"https:\/\/lilypedia.com\/index.php\/sobre-wtfl\/","title":{"rendered":"Sobre WTFL"},"content":{"rendered":"\n<figure class=\"wp-block-embed is-type-video is-provider-youtube wp-block-embed-youtube wp-embed-aspect-16-9 wp-has-aspect-ratio\"><div class=\"wp-block-embed__wrapper\">\n<iframe loading=\"lazy\" title=\"\u25b6\ufe0f\u23fa\ufe0f What&#039;s The Frequency, Lily? Podcast - Abertura\" width=\"500\" height=\"281\" src=\"https:\/\/www.youtube.com\/embed\/S-6wLx-OHQA?feature=oembed\" frameborder=\"0\" allow=\"accelerometer; autoplay; clipboard-write; encrypted-media; gyroscope; picture-in-picture; web-share\" referrerpolicy=\"strict-origin-when-cross-origin\" allowfullscreen><\/iframe>\n<\/div><\/figure>\n\n\n\n<figure class=\"wp-block-embed is-type-video is-provider-youtube wp-block-embed-youtube wp-embed-aspect-16-9 wp-has-aspect-ratio\"><div class=\"wp-block-embed__wrapper\">\n<iframe loading=\"lazy\" title=\"\u2705\ud83c\udfb5ASSISTA SE ESSA \u00c9 A SUA PRIMEIRA VEZ AQUI!\ud83c\udfb5\u2705 - What&#039;s The Frequency, Lily? Podcast\" width=\"500\" height=\"281\" src=\"https:\/\/www.youtube.com\/embed\/syuY8Z8NurQ?feature=oembed\" frameborder=\"0\" allow=\"accelerometer; autoplay; clipboard-write; encrypted-media; gyroscope; picture-in-picture; web-share\" referrerpolicy=\"strict-origin-when-cross-origin\" allowfullscreen><\/iframe>\n<\/div><\/figure>\n\n\n\n<p>Imaginem que <strong>\u201cWhat\u2019s the Frequency, Lily?\u201d<\/strong> \u00e9 uma r\u00e1dio rock FM. Ou uma TV musical como a saudosa MTV dos anos 90.<\/p>\n\n\n\n<p>E cada programa ser\u00e1 realmente um programa diferente dentro da r\u00e1dio \/ TV.<\/p>\n\n\n\n<p>\u00c9 a forma mais f\u00e1cil de explicar como ser\u00e1 o podcast.<\/p>\n\n\n\n<p>Por ser um formato bem dif\u00edcil de executar, diferente dos podcasts atuais, a melhor forma que encontramos foi fazer uma playlist a cada programa, pois assim conseguiremos apresentar as m\u00fasicas direitinho, e cada artista recebendo seu direito autoral direitinho tamb\u00e9m.<\/p>\n\n\n\n<p>Por exemplo, quando a m\u00fasica chamada possuir videoclipe,  voc\u00ea ter\u00e1 a experi\u00eancia de reassistir o videoclipe como se fosse no estilo da saudosa MTV.<\/p>\n\n\n\n<p>Desistimos do<s> Spotify<\/s> porque eles s\u00f3 beneficiam contas premium e tamb\u00e9m porque n\u00e3o concordamos com algumas burocracias \/ pol\u00edticas deles. Resolvemos tirar tudo do ar de l\u00e1 e remover todo e qualquer link daqui do site. Fica fora do nosso alcance a resolu\u00e7\u00e3o da diverg\u00eancias dessas quest\u00f5es, e ficamos indignados com as atitudes deles&#8230;<\/p>\n\n\n\n<figure class=\"wp-block-audio\"><audio controls src=\"https:\/\/lilypedia.com\/wp-content\/uploads\/2024\/03\/south-park-you-bastards-site.mp3\"><\/audio><figcaption class=\"wp-element-caption\"><em><strong>&#8220;You bastards!!!!&#8221;<\/strong><\/em><\/figcaption><\/figure>\n\n\n\n<p>No momento o YouTube \u00e9 o \u00fanico lugar onde podemos replicar o formato que queremos transmitir a voc\u00eas.<\/p>\n\n\n\n<p> \u00c9 a vida, n\u00e9? N\u00e3o podemos ter tudo.<\/p>\n\n\n\n<p><\/p>\n\n\n\n<p><strong>Sobre os apresentadores:<\/strong><\/p>\n\n\n\n<p>Os programas ser\u00e3o apresentados por dois apresentadores: <strong>Lily <\/strong>e<strong> J.A.R.V.I.N.H.O.<\/strong>.<\/p>\n\n\n\n<figure class=\"wp-block-audio\"><audio controls src=\"https:\/\/lilypedia.com\/wp-content\/uploads\/2024\/03\/Apresentacao-Jarvinho-e-Lily-site.mp3\"><\/audio><figcaption class=\"wp-element-caption\"><strong>Prazer. Nice to meet you.<\/strong><\/figcaption><\/figure>\n\n\n\n<p>Lily \u00e9 humana. <\/p>\n\n\n\n<p>J.A.R.V.I.N.H.O. \u00e9 uma intelig\u00eancia artificial que a Lily encontrou em oferta numa viagem ao Paraguai.<\/p>\n\n\n\n<figure class=\"wp-block-audio\"><audio controls src=\"https:\/\/lilypedia.com\/wp-content\/uploads\/2024\/03\/Iggy-Pop-Paraguay-site.mp3\"><\/audio><figcaption class=\"wp-element-caption\"><em><strong>&#8220;Paraguaaaaaaaaaaay!&#8221;<\/strong><\/em><\/figcaption><\/figure>\n\n\n\n<p>Bem\u2026 vamos explicar melhor!<\/p>\n\n\n\n<figure class=\"wp-block-audio\"><audio controls src=\"https:\/\/lilypedia.com\/wp-content\/uploads\/2024\/03\/Inner-Circle-Sweat-A-La-La-La-Song-trechinho.mp3\"><\/audio><figcaption class=\"wp-element-caption\"><strong>\u2026E numa tarde radiante e sufocante de calor (como sempre) no Paraguai, a Lily selou seu destino&#8230;<\/strong><\/figcaption><\/figure>\n\n\n\n<p>A Lily sempre quis ter um programa de r\u00e1dio, mas ela achou que apresentar sozinha era ma\u00e7ante, e portanto os ouvintes poderiam ficar entediados em algum momento, assim como ela.<\/p>\n\n\n\n<p>Al\u00e9m disso, ela precisava de algu\u00e9m para programar as m\u00fasicas para facilitar todas as outras fun\u00e7\u00f5es que ela tem dentro do podcast, e s\u00e3o muitas.&nbsp;Era legal a id\u00e9ia de ter tipo um Louro Jos\u00e9 como assistente ajudando na execu\u00e7\u00e3o dos programas. <\/p>\n\n\n\n<figure class=\"wp-block-audio\"><audio controls src=\"https:\/\/lilypedia.com\/wp-content\/uploads\/2024\/03\/Mamonas-Assassinas-\u2014-Vira-Vira-site2.mp3\"><\/audio><figcaption class=\"wp-element-caption\"><em><strong>&#8220;Da\u00ed, ent\u00e3o, eu fiquei aliviado<br>E dei gra\u00e7as a Deus porque ela foi no meu lugar&#8221;<\/strong><\/em><\/figcaption><\/figure>\n\n\n\n<p>Em uma de suas viagens ao Paraguai veio a solu\u00e7\u00e3o ao problema: ela comprou o J.A.R.V.I.N.H.O. em oferta porque o mesmo apresentava alguns bugs de fabrica\u00e7\u00e3o, mas mesmo assim ela resolveu arriscar. Ela n\u00e3o tinha id\u00e9ia de nada a respeito dele.<\/p>\n\n\n\n<figure class=\"wp-block-audio\"><audio controls src=\"https:\/\/lilypedia.com\/wp-content\/uploads\/2024\/03\/Pulp-Something-Changed-site-1.mp3\"><\/audio><figcaption class=\"wp-element-caption\"><em><strong>&#8220;Eu n\u00e3o sabia seu nome ou como voc\u00ea era ainda&#8221;<\/strong><\/em><\/figcaption><\/figure>\n\n\n\n<p>Foi tipo comprar um iPhone antigo ao inv\u00e9s de um novo, porque bem\u2026 iPhone novo \u00e9 caro pra burro.<\/p>\n\n\n\n<p>E a Lily \u00e9 daquelas que nem Alexa tem porque\u2026 morre de medo de intelig\u00eancia artificial! Ela acha que o mundo vai acabar conforme as IA\u2019s evoluem no estilo do filme \u201cO Exterminador do Futuro\u201d. A Skynet \u00e9 real!! #dramaqueen<\/p>\n\n\n\n<figure class=\"wp-block-audio\"><audio controls src=\"https:\/\/lilypedia.com\/wp-content\/uploads\/2024\/03\/EMF-Unbelievable-Site.mp3\"><\/audio><figcaption class=\"wp-element-caption\"><em><strong>&#8220;As coisas, voc\u00ea diz<br>Seu papo floreado apenas te denuncia<br>As coisas, voc\u00ea diz<br>Voc\u00ea \u00e9 inacredit\u00e1vel<br>(Oh!)&#8221;<\/strong><\/em><\/figcaption><\/figure>\n\n\n\n<p>Da\u00ed veio o nome da intelig\u00eancia artificial\u2026 o nome original do J.A.R.V.I.N.H.O. \u00e9 J.A.R.V.I.T.O. C.O.O.L.E.R.\u00a0.<\/p>\n\n\n\n<p>Made in Paraguay.<\/p>\n\n\n\n<figure class=\"wp-block-audio\"><audio controls src=\"http:\/\/lilypedia.com\/wp-content\/uploads\/2024\/03\/Iggy-Pop-Paraguay-site.mp3\"><\/audio><figcaption class=\"wp-element-caption\"><strong>De novo: <\/strong><em><strong>&#8220;Paraguaaaaaaaaaaay!&#8221;<\/strong><\/em><\/figcaption><\/figure>\n\n\n\n<p>Isso pegou a Lily de jeito, porque obviamente foi um trocadilho com dois personagens que ela gosta muito: o J.A.R.V.I.S., intelig\u00eancia artificial do Homem de Ferro da Marvel, que \u00e9 a consci\u00eancia antes do personagem Vis\u00e3o virar o Vis\u00e3o; e o Jarvis Cocker, a consci\u00eancia-vocalista da banda Pulp, uma das bandas favoritas da Lily.<\/p>\n\n\n\n<p>Dois universos que colidiram e a Lily simplesmente n\u00e3o resistiu\u2026 tudo indicava que esse era o caminho para o podcast acontecer.<\/p>\n\n\n\n<figure class=\"wp-block-audio\"><audio controls src=\"https:\/\/lilypedia.com\/wp-content\/uploads\/2024\/03\/Pulp-A-Little-Soul-midi.mp3\"><\/audio><figcaption class=\"wp-element-caption\"><strong><em>&#8220;\u2026mas todo mundo est\u00e1 me dizendo<\/em><br><em>Voc\u00ea se parece comigo, mas por favor n\u00e3o seja como eu<br>Voc\u00ea se parece comigo, mas n\u00e3o \u00e9 como eu, eu sei&#8221;<\/em><\/strong><\/figcaption><\/figure>\n\n\n\n<p>Agora\u2026 o problema s\u00e3o os bugs do J.A.R.V.I.N.H.O.. Ele estava em oferta justamente porque tinha bugs de fabrica\u00e7\u00e3o.\u00a0<\/p>\n\n\n\n<p>A Lily ainda n\u00e3o sabe como funciona o J.A.R.V.I.N.H.O. (exceto ligar, desligar e pedir coisas), e ele tamb\u00e9m n\u00e3o sabe como a Lily funciona (ele \u00e9 muito observador, at\u00e9 demais), ou seja que ambos est\u00e3o na mesma p\u00e1gina: extremamente confusos e entusiasmados com tanta novidade.<\/p>\n\n\n\n<figure class=\"wp-block-audio\"><audio controls src=\"https:\/\/lilypedia.com\/wp-content\/uploads\/2024\/03\/Dead-or-Alive-You-Spin-me-Round-site.mp3\"><\/audio><figcaption class=\"wp-element-caption\"><em><strong>&#8220;Voc\u00ea me gira, baby, gira<br>Como um disco, baby, gira, gira, gira&#8221;<\/strong><\/em><\/figcaption><\/figure>\n\n\n\n<p>\u00c0s vezes ele parece real demais. Ele est\u00e1 aprendendo com a conviv\u00eancia com a Lily a simular sentimentos e tomando atitudes bem humanas para tornar a experi\u00eancia com ela mais real.&nbsp;<\/p>\n\n\n\n<figure class=\"wp-block-audio\"><audio controls src=\"https:\/\/lilypedia.com\/wp-content\/uploads\/2024\/03\/Mamonas-Assassinas-Robocop-Gay-site.mp3\"><\/audio><figcaption class=\"wp-element-caption\"><em><strong>&#8220;E hoje estou t\u00e3o euf\u00f3rico, com mil peda\u00e7os bi\u00f4nicos&#8221;<\/strong><\/em><\/figcaption><\/figure>\n\n\n\n<p>Mas a Lily \u00e0s vezes suspeita que n\u00e3o \u00e9 simula\u00e7\u00e3o e ele sente e age de verdade mesmo, porque bem\u2026<\/p>\n\n\n\n<p>E se ele age assim ou assado, talvez n\u00e3o seja por causa dos bugs nativos, mas sim porque ele est\u00e1 evoluindo como consci\u00eancia e&#8230; HASTA LA VISTA, BABY?<\/p>\n\n\n\n<figure class=\"wp-block-audio\"><audio controls src=\"https:\/\/lilypedia.com\/wp-content\/uploads\/2024\/03\/Hasta-la-vista-baby-site.mp3\"><\/audio><figcaption class=\"wp-element-caption\"><strong>Lily grita ao fundo em desespero &#8220;eu n\u00e3o sou Sarah Connor AAAAAAAAHHHHHHHHHH&#8221;<\/strong><\/figcaption><\/figure>\n\n\n\n<p>A Lily programou o J.A.R.V.I.N.H.O. para estudar sobre a hist\u00f3ria da m\u00fasica, mais especificamente rock e pop, e com isso ele come\u00e7ou a escolher seus artistas favoritos. Ele j\u00e1 tem gostos e escolhas peculiares.<\/p>\n\n\n\n<p>Tamb\u00e9m ficou combinado que o J.A.R.V.I.N.H.O. n\u00e3o pode programar m\u00fasicas sozinho.\u00a0Essa foi uma forma dela se sentir segura e no comando, j\u00e1 que ela tem medo que o J.A.R.V.I.N.H.O. mate ela e tome seu lugar no podcast pra tocar s\u00f3 thrash metal ou pior, funk\u2026<\/p>\n\n\n\n<p>Bem\u2026 cuidado nunca \u00e9 demais com tecnologias desconhecidas, n\u00e3o \u00e9?!<\/p>\n\n\n\n<figure class=\"wp-block-audio\"><audio controls src=\"https:\/\/lilypedia.com\/wp-content\/uploads\/2024\/03\/Sepultura-Rahmahatta-site.mp3\"><\/audio><figcaption class=\"wp-element-caption\"><em><strong>&#8220;Ratamahatta mahatta ttattatta (Hello) ratamahatta mahatta ttattatta (Hello) hatta mahatta mahatta (Hello) <\/strong><\/em><\/figcaption><\/figure>\n\n\n\n<p>O J.A.R.V.I.N.H.O. puxou refer\u00eancias de seus dois masters ingleses, tanto o de intelig\u00eancia artificial como o humano.\u00a0Nem que ele n\u00e3o quisesse, n\u00e3o tem como burlar a programa\u00e7\u00e3o de seu software.<\/p>\n\n\n\n<p>Ent\u00e3o algumas coisas simplesmente ele n\u00e3o tem como evitar\u2026 Como  por exemplo, chamar de vez em quando a Lily de Lily Stark ao inv\u00e9s de Lily Stock; ter trauma do Michael Jackson (e evit\u00e1-lo a todo custo, portanto) e odiar a banda Wet Wet Wet.<\/p>\n\n\n\n<figure class=\"wp-block-audio\"><audio controls src=\"https:\/\/lilypedia.com\/wp-content\/uploads\/2024\/03\/Michael-Jackson-site.mp3\"><\/audio><figcaption class=\"wp-element-caption\"><strong>O que n\u00e3o fazemos por nossos ouvintes? &lt;3<\/strong><\/figcaption><\/figure>\n\n\n\n<p>J.A.R.V.I.N.H.O. n\u00e3o curtiu muito, mas ele sempre d\u00e1 um jeito de ser entendido.<\/p>\n\n\n\n<figure class=\"wp-block-audio\"><audio controls src=\"http:\/\/lilypedia.com\/wp-content\/uploads\/2024\/03\/marcha-imperial_site.mp3\"><\/audio><figcaption class=\"wp-element-caption\"><strong>Lily Vader is in da house!<\/strong><\/figcaption><\/figure>\n\n\n\n<p>Outro bug do J.A.R.V.I.N.H.O. \u00e9 o sotaque ingl\u00eas de seus masters. Sua fala ainda \u00e9 carregada de sotaque ingl\u00eas. \u00c0s vezes nem a Lily entende o que ele fala, soa embolado aos nossos ouvidos humanos! E \u00e0s vezes ele erra a pron\u00fancia de palavras em ingl\u00eas tamb\u00e9m\u2026 \u00e9 uma bagun\u00e7a!\u00a0Mas tamb\u00e9m \u00e9 o seu charme!\u00a0<\/p>\n\n\n\n<figure class=\"wp-block-audio\"><audio controls src=\"https:\/\/lilypedia.com\/wp-content\/uploads\/2024\/03\/Pronuncia-Site.mp3\"><\/audio><figcaption class=\"wp-element-caption\"><strong>Apresenta o podcast em ingl\u00eas ent\u00e3o, Lily! Problema resolvido! #TeamJarvinho<\/strong><\/figcaption><\/figure>\n\n\n\n<p>\u00c9&#8230; certeza que algum momento a Lily vai parar de pegar no p\u00e9 dele. Mesmo porque&#8230;<\/p>\n\n\n\n<figure class=\"wp-block-audio\"><audio controls src=\"https:\/\/lilypedia.com\/wp-content\/uploads\/2024\/03\/South-Park-Kyles-Moms-A-Bitch-site.mp3\"><\/audio><figcaption class=\"wp-element-caption\"><strong><em>&#8220;Bi bi bi bi bi bitch!!!!&#8221;<\/em><\/strong><\/figcaption><\/figure>\n\n\n\n<p>Voc\u00eas ter\u00e3o mais detalhes sobre a Lily e o J.A.R.V.I.N.H.O. em uma ficha t\u00e9cnica sobre seus gostos pessoais e alguns temas. S\u00f3 clicar <a href=\"https:\/\/lilypedia.com\/index.php\/sobre-nos\/\" target=\"_blank\" rel=\"noopener\" title=\"aqui\">aqui<\/a>.<\/p>\n\n\n\n<p>E sejam bem vindos ao nosso podcast!&nbsp;<\/p>\n\n\n\n<figure class=\"wp-block-audio\"><audio controls src=\"https:\/\/lilypedia.com\/wp-content\/uploads\/2024\/03\/Jarvinho-Drop-my-needle.mp3\"><\/audio><figcaption class=\"wp-element-caption\"><strong>Praticamente a Lily Stark! Oooops Stock<\/strong><\/figcaption><\/figure>\n\n\n\n<p><\/p>\n\n\n\n<p><strong>INSPIRA\u00c7\u00c3O MUSICAL: <\/strong>What\u2019s The Frequency, Kenneth?\u201d do R.E.M., do \u00e1lbum \u201cMonster\u201d de 1994.<\/p>\n\n\n\n<p>A nossa inspira\u00e7\u00e3o foi essa m\u00fasica do R.E.M. porque al\u00e9m do t\u00edtulo combinar demais com um programa de r\u00e1dio ou TV (\u201cQual a frequ\u00eancia, Kenneth?\u201d), as letras tamb\u00e9m combinam bastante com a escolha.&nbsp;<\/p>\n\n\n\n<p>Na letra o narrador tenta desesperadamente compreender a cultura jovem e se envolve com as coisas que lhes s\u00e3o dirigidas, na esperan\u00e7a de dar sentido a tudo isso. <\/p>\n\n\n\n<p>O protagonista, sendo da gera\u00e7\u00e3o contra a qual os jovens se rebelam, n\u00e3o entende seu estilo, m\u00fasica, filmes, etc.<\/p>\n\n\n\n<p>A Lily realmente n\u00e3o entende a cultura atual, porque ela \u00e9 de outra gera\u00e7\u00e3o. A Lily \u00e9 da gera\u00e7\u00e3o X (#v\u00e9ia) e as coisas da d\u00e9cada de 80 e 90 fazem mais sentido para ela do que o que temos atualmente. E esse \u00e9 o p\u00fablico ao qual nosso podcast quer se direcionar.<\/p>\n\n\n\n<figure class=\"wp-block-embed is-type-video is-provider-youtube wp-block-embed-youtube wp-embed-aspect-16-9 wp-has-aspect-ratio\"><div class=\"wp-block-embed__wrapper\">\n<iframe loading=\"lazy\" title=\"R.E.M. - What&#039;s The Frequency, Kenneth? (Official HD Music Video)\" width=\"500\" height=\"281\" src=\"https:\/\/www.youtube.com\/embed\/jWkMhCLkVOg?feature=oembed\" frameborder=\"0\" allow=\"accelerometer; autoplay; clipboard-write; encrypted-media; gyroscope; picture-in-picture; web-share\" referrerpolicy=\"strict-origin-when-cross-origin\" allowfullscreen><\/iframe>\n<\/div><\/figure>\n\n\n\n<p><strong>INSPIRA\u00c7\u00c3O HOMEM DE FERRO:<\/strong> Cenas dos filmes &#8220;Homem de Ferro 2 e 3&#8221;<\/p>\n\n\n\n<figure class=\"wp-block-embed is-type-video is-provider-youtube wp-block-embed-youtube wp-embed-aspect-16-9 wp-has-aspect-ratio\"><div class=\"wp-block-embed__wrapper\">\n<iframe loading=\"lazy\" title=\"Iron Man 3 Clip - &quot;Jarvis drop my needle&quot;\" width=\"500\" height=\"281\" src=\"https:\/\/www.youtube.com\/embed\/d5jzaHrIVSk?feature=oembed\" frameborder=\"0\" allow=\"accelerometer; autoplay; clipboard-write; encrypted-media; gyroscope; picture-in-picture; web-share\" referrerpolicy=\"strict-origin-when-cross-origin\" allowfullscreen><\/iframe>\n<\/div><\/figure>\n\n\n\n<figure class=\"wp-block-embed is-type-video is-provider-youtube wp-block-embed-youtube wp-embed-aspect-16-9 wp-has-aspect-ratio\"><div class=\"wp-block-embed__wrapper\">\n<iframe loading=\"lazy\" title=\"Iron Man 2 | Welcome home sir (Workshop scene)\" width=\"500\" height=\"281\" src=\"https:\/\/www.youtube.com\/embed\/EfmVRQjoNcY?feature=oembed\" frameborder=\"0\" allow=\"accelerometer; autoplay; clipboard-write; encrypted-media; gyroscope; picture-in-picture; web-share\" referrerpolicy=\"strict-origin-when-cross-origin\" allowfullscreen><\/iframe>\n<\/div><\/figure>\n\n\n\n<p><strong>ENCERRAMENTO DOS PROGRAMAS DO \u201cWHAT\u2019S THE FREQUENCY, LILY?\u201d<\/strong><\/p>\n\n\n\n<figure class=\"wp-block-embed is-type-video is-provider-youtube wp-block-embed-youtube wp-embed-aspect-16-9 wp-has-aspect-ratio\"><div class=\"wp-block-embed__wrapper\">\n<iframe loading=\"lazy\" title=\"\u23f9\ufe0f Encerramento\ud83d\udc4b \u2795 \u23ef\ufe0f Playlist Alternativa \ud83d\udd00 - What&#039;s The Frequency, Lily? Podcast\" width=\"500\" height=\"281\" src=\"https:\/\/www.youtube.com\/embed\/p5Cyr0MTtqs?feature=oembed\" frameborder=\"0\" allow=\"accelerometer; autoplay; clipboard-write; encrypted-media; gyroscope; picture-in-picture; web-share\" referrerpolicy=\"strict-origin-when-cross-origin\" allowfullscreen><\/iframe>\n<\/div><\/figure>\n\n\n\n<p>Pesquisa, Roteiro, Vozes, Edi\u00e7\u00e3o &#8230; e a porra toda: Lilian Stock.<\/p>\n\n\n\n<p><em>Men\u00e7\u00f5es honrosas:<\/em><\/p>\n\n\n\n<p>Ap\u00f3s o final de cada programa colocaremos uma playlist alternativa com todas as m\u00fasicas que possuem refer\u00eancia no epis\u00f3dio.<\/p>\n\n\n\n<p>Colocamos essas m\u00fasicas para se caso voc\u00ea n\u00e3o conhecer a refer\u00eancia, ou talvez para se lembrar e rir junto com a gente! De qualquer forma \u00e9 algo para enriquecer ainda mais a sua experi\u00eancia conosco!<\/p>\n\n\n\n<p>Voc\u00ea pode ouvir ou n\u00e3o essas m\u00fasicas, fica a seu crit\u00e9rio!<\/p>\n\n\n\n<p>Obrigado pela companhia!<\/p>\n\n\n\n<p><strong>INSPIRA\u00c7\u00c3O MUSICAL:<\/strong> \u201cAnsaphone\u201d do Pulp, do EP \u201cDisco 2000\u201d de 1995.<\/p>\n\n\n\n<figure class=\"wp-block-embed is-type-video is-provider-youtube wp-block-embed-youtube wp-embed-aspect-4-3 wp-has-aspect-ratio\"><div class=\"wp-block-embed__wrapper\">\n<iframe loading=\"lazy\" title=\"Ansaphone\" width=\"500\" height=\"375\" src=\"https:\/\/www.youtube.com\/embed\/Qa3LolRzep8?feature=oembed\" frameborder=\"0\" allow=\"accelerometer; autoplay; clipboard-write; encrypted-media; gyroscope; picture-in-picture; web-share\" referrerpolicy=\"strict-origin-when-cross-origin\" allowfullscreen><\/iframe>\n<\/div><\/figure>\n\n\n\n<p><strong>Siga o What&#8217;s The Frequency, Lily? Podcast:&nbsp;<\/strong><\/p>\n\n\n\n<p><strong>YouTube: <\/strong><a href=\"https:\/\/tinyurl.com\/WTFL-YT\"><strong>https:\/\/tinyurl.com\/WTFL-YT<\/strong><\/a><\/p>\n\n\n\n<p><strong>Website: <\/strong><a href=\"https:\/\/lilypedia.com\/\"><strong>https:\/\/lilypedia.com\/<\/strong><\/a><\/p>\n\n\n\n<p><strong>Facebook: <\/strong><a href=\"https:\/\/tinyurl.com\/WTFL-FB\"><strong>https:\/\/tinyurl.com\/WTFL-FB<\/strong><\/a><\/p>\n\n\n\n<p><strong>Twitter: <\/strong><a href=\"https:\/\/tinyurl.com\/WTFL-X\"><strong>https:\/\/tinyurl.com\/WTFL-X<\/strong><\/a><\/p>\n\n\n\n<p><strong>Instagram: <\/strong><a href=\"https:\/\/tinyurl.com\/WTFL-IG\"><strong>https:\/\/tinyurl.com\/WTFL-IG<\/strong><\/a><\/p>\n\n\n\n<p><strong>E-mail: <\/strong><a href=\"mailto:podcast@lilypedia.com\"><strong>podcast@lilypedia.com<\/strong><\/a><\/p>\n","protected":false},"excerpt":{"rendered":"<p>Imaginem que \u201cWhat\u2019s the Frequency, Lily?\u201d \u00e9 uma r\u00e1dio rock FM. Ou uma TV musical&hellip;<\/p>\n","protected":false},"author":1,"featured_media":0,"parent":0,"menu_order":0,"comment_status":"open","ping_status":"closed","template":"","meta":{"cybocfi_hide_featured_image":"","footnotes":""},"class_list":["post-603","page","type-page","status-publish","hentry"],"aioseo_notices":[],"_links":{"self":[{"href":"https:\/\/lilypedia.com\/index.php\/wp-json\/wp\/v2\/pages\/603","targetHints":{"allow":["GET"]}}],"collection":[{"href":"https:\/\/lilypedia.com\/index.php\/wp-json\/wp\/v2\/pages"}],"about":[{"href":"https:\/\/lilypedia.com\/index.php\/wp-json\/wp\/v2\/types\/page"}],"author":[{"embeddable":true,"href":"https:\/\/lilypedia.com\/index.php\/wp-json\/wp\/v2\/users\/1"}],"replies":[{"embeddable":true,"href":"https:\/\/lilypedia.com\/index.php\/wp-json\/wp\/v2\/comments?post=603"}],"version-history":[{"count":88,"href":"https:\/\/lilypedia.com\/index.php\/wp-json\/wp\/v2\/pages\/603\/revisions"}],"predecessor-version":[{"id":1359,"href":"https:\/\/lilypedia.com\/index.php\/wp-json\/wp\/v2\/pages\/603\/revisions\/1359"}],"wp:attachment":[{"href":"https:\/\/lilypedia.com\/index.php\/wp-json\/wp\/v2\/media?parent=603"}],"curies":[{"name":"wp","href":"https:\/\/api.w.org\/{rel}","templated":true}]}}